{"id":620,"date":"2020-08-15T18:28:00","date_gmt":"2020-08-15T18:28:00","guid":{"rendered":"http:\/\/www.demiddelaar.nl\/?page_id=620"},"modified":"2026-01-15T09:35:11","modified_gmt":"2026-01-15T09:35:11","slug":"individuele-hondentraining-door-gecertificeerd-trainer","status":"publish","type":"page","link":"https:\/\/www.demiddelaar.nl\/?page_id=620","title":{"rendered":"Individuele training"},"content":{"rendered":"\n<p><\/p>\n\n\n<div class=\"wp-block-image\">\n<figure class=\"aligncenter size-large\"><img loading=\"lazy\" decoding=\"async\" width=\"951\" height=\"1024\" src=\"https:\/\/www.demiddelaar.nl\/wp-content\/uploads\/2020\/08\/bessieachting-1-951x1024.jpg\" alt=\"\" class=\"wp-image-1455\" title=\"\" srcset=\"https:\/\/www.demiddelaar.nl\/wp-content\/uploads\/2020\/08\/bessieachting-1-951x1024.jpg 951w, https:\/\/www.demiddelaar.nl\/wp-content\/uploads\/2020\/08\/bessieachting-1-278x300.jpg 278w, https:\/\/www.demiddelaar.nl\/wp-content\/uploads\/2020\/08\/bessieachting-1-768x827.jpg 768w, https:\/\/www.demiddelaar.nl\/wp-content\/uploads\/2020\/08\/bessieachting-1-1426x1536.jpg 1426w, https:\/\/www.demiddelaar.nl\/wp-content\/uploads\/2020\/08\/bessieachting-1-1901x2048.jpg 1901w\" sizes=\"auto, (max-width: 951px) 100vw, 951px\" \/><\/figure>\n<\/div>\n\n\n<h2 class=\"wp-block-heading has-text-align-center\">Individuele training<\/h2>\n\n\n\n<p>Liever een Individuele hondentraining volgen? Dat kan bij De Middelaar! <\/p>\n\n\n\n<p>Een individuele les kan bijvoorbeeld erg fijn zijn als:<\/p>\n\n\n\n<ul class=\"wp-block-list\">\n<li>je hond (nog) niet met andere honden samen in \u00e9\u00e9n groep kan<\/li>\n\n\n\n<li>je hond angstig of te gestrest raakt van een drukke omgeving<\/li>\n\n\n\n<li>jij je niet prettig voelt in een groep<\/li>\n\n\n\n<li>je niet kunt op de tijdstippen dat hondenscholen in je omgeving lessen aanbieden, of omdat je niet op vaste dagen kunt.<\/li>\n<\/ul>\n\n\n\n<p>Overigens zijn honden van ALLE leeftijden welkom op de Individuele hondentraining!<\/p>\n\n\n\n<h3 class=\"wp-block-heading\">Werken aan wederzijds begrip<\/h3>\n\n\n\n<p>In de afgelopen decennia hield hondentraining vooral in: het aanleren van commando&#8217;s. De hond moest bepaalde commando&#8217;s leren begrijpen en uitvoeren. Op de trainingsvelden werd nauwelijks gelet op de signalen die de hond intussen uitzond. Als een hond bijvoorbeeld iets niet snapte en zich daardoor onbehaaglijk ging voelen, liet hij stresssignalen zien. De hondeneigenaren leerden echter weinig over hondentaal. Laat staan dat ze leerden hoe ze hier het beste op konden reageren. Terwijl dit juist het allerbelangrijkste is wat een eigenaar op een cursus zou moeten leren! Een goede verstandhouding vraagt om tweerichtingsverkeer. Namelijk aan de ene kant de hond die zijn mens leert snappen \u00e9n aan de andere kant de mens die zijn hond leert snappen. Tot nu toe moesten honden steeds onze taal leren. Hoog tijd dat wij ook hun taal leren te begrijpen!<\/p>\n\n\n\n<h3 class=\"wp-block-heading\">Persoonlijke aandacht en altijd les van een gecertificeerd trainer, met actuele kennis<\/h3>\n\n\n\n<p>Je krijgt altijd les van een gecertificeerd trainer met actuele kennis. Je zult zien dat je hierdoor snel leert hoe dingen in elkaar steken. Ik zal ernaar streven om de les in een zo ontspannen mogelijke sfeer te laten verlopen voor jou en je hond. <\/p>\n\n\n\n<h3 class=\"wp-block-heading\">Lesonderwerpen<\/h3>\n\n\n\n<p>In de individuele hondentraining krijg je de ruimte om zelf punten naar voren te brengen waar jij op wilt trainen.  Voorwaarde hiervoor is wel dat het welzijn van de hond hierbij niet geschaad wordt.<\/p>\n\n\n\n<p>Mocht je geen behoefte hebben om zelf onderwerpen voor te dragen, dan zal ik een les samenstellen waarvan ik denk dat jij en je hond het meeste baat bij zullen hebben.<\/p>\n\n\n\n<h3 class=\"wp-block-heading\">E\u00e9n of meer lessen, aan jou de keus<\/h3>\n\n\n\n<p>Bij de individuele hondentraining kun je zelf bepalen of je het bij \u00e9\u00e9n les laat, of dat je nog \u00e9\u00e9n of meerdere extra lessen wilt volgen.<\/p>\n\n\n\n<p>De prijs van een Individuele training is \u20ac 49, inclusief 21% btw, en duurt 45 minuten.<\/p>\n\n\n\n<p>Je kunt ook kiezen voor een Individuele training van 1 uur, deze kost \u20ac60, inclusief 21% btw.<\/p>\n\n\n\n<h3 class=\"wp-block-heading\">Je kunt je aanmelden voor een Individuele les via telefoonnummer: 06 169 000 13 of via e-mail: demiddelaar@gmail.com<\/h3>\n","protected":false},"excerpt":{"rendered":"<p>Individuele training Liever een Individuele hondentraining volgen? Dat kan bij De Middelaar! Een individuele les kan bijvoorbeeld erg fijn zijn als: Overigens zijn honden van ALLE leeftijden welkom op de Individuele hondentraining! Werken aan wederzijds begrip In de afgelopen decennia hield hondentraining vooral in: het aanleren van commando&#8217;s. De hond moest bepaalde commando&#8217;s leren begrijpen [&hellip;]<\/p>\n","protected":false},"author":3147,"featured_media":0,"parent":0,"menu_order":0,"comment_status":"closed","ping_status":"closed","template":"","meta":{"footnotes":""},"class_list":["post-620","page","type-page","status-publish","hentry"],"yoast_head":"<!-- This site is optimized with the Yoast SEO plugin v27.6 - https:\/\/yoast.com\/product\/yoast-seo-wordpress\/ -->\n<title>Individuele hondentraining door gecertificeerd trainerDe Middelaar<\/title>\n<meta name=\"description\" content=\"Individuele hondentraining gegeven door een gecertificeerd trainer. Deze training is gebaseerd op wederzijds begrip tussen mens en hond.\" \/>\n<meta name=\"robots\" content=\"index, follow, max-snippet:-1, max-image-preview:large, max-video-preview:-1\" \/>\n<link rel=\"canonical\" href=\"https:\/\/www.demiddelaar.nl\/?page_id=620\" \/>\n<meta property=\"og:locale\" content=\"nl_BE\" \/>\n<meta property=\"og:type\" content=\"article\" \/>\n<meta property=\"og:title\" content=\"Individuele hondentraining door gecertificeerd trainerDe Middelaar\" \/>\n<meta property=\"og:description\" content=\"Individuele hondentraining gegeven door een gecertificeerd trainer. Deze training is gebaseerd op wederzijds begrip tussen mens en hond.\" \/>\n<meta property=\"og:url\" content=\"https:\/\/www.demiddelaar.nl\/?page_id=620\" \/>\n<meta property=\"og:site_name\" content=\"De Middelaar\" \/>\n<meta property=\"article:modified_time\" content=\"2026-01-15T09:35:11+00:00\" \/>\n<meta property=\"og:image\" content=\"https:\/\/www.demiddelaar.nl\/wp-content\/uploads\/2020\/08\/bessieachting-1-scaled.jpg\" \/>\n\t<meta property=\"og:image:width\" content=\"2376\" \/>\n\t<meta property=\"og:image:height\" content=\"2560\" \/>\n\t<meta property=\"og:image:type\" content=\"image\/jpeg\" \/>\n<meta name=\"twitter:card\" content=\"summary_large_image\" \/>\n<meta name=\"twitter:label1\" content=\"Geschatte leestijd\" \/>\n\t<meta name=\"twitter:data1\" content=\"3 minuten\" \/>\n<script type=\"application\/ld+json\" class=\"yoast-schema-graph\">{\"@context\":\"https:\\\/\\\/schema.org\",\"@graph\":[{\"@type\":\"WebPage\",\"@id\":\"https:\\\/\\\/www.demiddelaar.nl\\\/?page_id=620\",\"url\":\"https:\\\/\\\/www.demiddelaar.nl\\\/?page_id=620\",\"name\":\"Individuele hondentraining door gecertificeerd trainerDe Middelaar\",\"isPartOf\":{\"@id\":\"https:\\\/\\\/www.demiddelaar.nl\\\/#website\"},\"primaryImageOfPage\":{\"@id\":\"https:\\\/\\\/www.demiddelaar.nl\\\/?page_id=620#primaryimage\"},\"image\":{\"@id\":\"https:\\\/\\\/www.demiddelaar.nl\\\/?page_id=620#primaryimage\"},\"thumbnailUrl\":\"https:\\\/\\\/www.demiddelaar.nl\\\/wp-content\\\/uploads\\\/2020\\\/08\\\/bessieachting-1-951x1024.jpg\",\"datePublished\":\"2020-08-15T18:28:00+00:00\",\"dateModified\":\"2026-01-15T09:35:11+00:00\",\"description\":\"Individuele hondentraining gegeven door een gecertificeerd trainer. Deze training is gebaseerd op wederzijds begrip tussen mens en hond.\",\"breadcrumb\":{\"@id\":\"https:\\\/\\\/www.demiddelaar.nl\\\/?page_id=620#breadcrumb\"},\"inLanguage\":\"nl-BE\",\"potentialAction\":[{\"@type\":\"ReadAction\",\"target\":[\"https:\\\/\\\/www.demiddelaar.nl\\\/?page_id=620\"]}]},{\"@type\":\"ImageObject\",\"inLanguage\":\"nl-BE\",\"@id\":\"https:\\\/\\\/www.demiddelaar.nl\\\/?page_id=620#primaryimage\",\"url\":\"https:\\\/\\\/www.demiddelaar.nl\\\/wp-content\\\/uploads\\\/2020\\\/08\\\/bessieachting-1-scaled.jpg\",\"contentUrl\":\"https:\\\/\\\/www.demiddelaar.nl\\\/wp-content\\\/uploads\\\/2020\\\/08\\\/bessieachting-1-scaled.jpg\",\"width\":2376,\"height\":2560},{\"@type\":\"BreadcrumbList\",\"@id\":\"https:\\\/\\\/www.demiddelaar.nl\\\/?page_id=620#breadcrumb\",\"itemListElement\":[{\"@type\":\"ListItem\",\"position\":1,\"name\":\"Home\",\"item\":\"https:\\\/\\\/www.demiddelaar.nl\\\/\"},{\"@type\":\"ListItem\",\"position\":2,\"name\":\"Individuele training\"}]},{\"@type\":\"WebSite\",\"@id\":\"https:\\\/\\\/www.demiddelaar.nl\\\/#website\",\"url\":\"https:\\\/\\\/www.demiddelaar.nl\\\/\",\"name\":\"DeMiddelaar\",\"description\":\"Hondentraining en gedragstherapie voor honden\",\"publisher\":{\"@id\":\"https:\\\/\\\/www.demiddelaar.nl\\\/#organization\"},\"potentialAction\":[{\"@type\":\"SearchAction\",\"target\":{\"@type\":\"EntryPoint\",\"urlTemplate\":\"https:\\\/\\\/www.demiddelaar.nl\\\/?s={search_term_string}\"},\"query-input\":{\"@type\":\"PropertyValueSpecification\",\"valueRequired\":true,\"valueName\":\"search_term_string\"}}],\"inLanguage\":\"nl-BE\"},{\"@type\":\"Organization\",\"@id\":\"https:\\\/\\\/www.demiddelaar.nl\\\/#organization\",\"name\":\"De Middelaar\",\"url\":\"https:\\\/\\\/www.demiddelaar.nl\\\/\",\"logo\":{\"@type\":\"ImageObject\",\"inLanguage\":\"nl-BE\",\"@id\":\"https:\\\/\\\/www.demiddelaar.nl\\\/#\\\/schema\\\/logo\\\/image\\\/\",\"url\":\"https:\\\/\\\/www.demiddelaar.nl\\\/wp-content\\\/uploads\\\/2020\\\/08\\\/logoDEF.png\",\"contentUrl\":\"https:\\\/\\\/www.demiddelaar.nl\\\/wp-content\\\/uploads\\\/2020\\\/08\\\/logoDEF.png\",\"width\":6543,\"height\":4795,\"caption\":\"De Middelaar\"},\"image\":{\"@id\":\"https:\\\/\\\/www.demiddelaar.nl\\\/#\\\/schema\\\/logo\\\/image\\\/\"}}]}<\/script>\n<!-- \/ Yoast SEO plugin. -->","yoast_head_json":{"title":"Individuele hondentraining door gecertificeerd trainerDe Middelaar","description":"Individuele hondentraining gegeven door een gecertificeerd trainer. Deze training is gebaseerd op wederzijds begrip tussen mens en hond.","robots":{"index":"index","follow":"follow","max-snippet":"max-snippet:-1","max-image-preview":"max-image-preview:large","max-video-preview":"max-video-preview:-1"},"canonical":"https:\/\/www.demiddelaar.nl\/?page_id=620","og_locale":"nl_BE","og_type":"article","og_title":"Individuele hondentraining door gecertificeerd trainerDe Middelaar","og_description":"Individuele hondentraining gegeven door een gecertificeerd trainer. Deze training is gebaseerd op wederzijds begrip tussen mens en hond.","og_url":"https:\/\/www.demiddelaar.nl\/?page_id=620","og_site_name":"De Middelaar","article_modified_time":"2026-01-15T09:35:11+00:00","og_image":[{"width":2376,"height":2560,"url":"https:\/\/www.demiddelaar.nl\/wp-content\/uploads\/2020\/08\/bessieachting-1-scaled.jpg","type":"image\/jpeg"}],"twitter_card":"summary_large_image","twitter_misc":{"Geschatte leestijd":"3 minuten"},"schema":{"@context":"https:\/\/schema.org","@graph":[{"@type":"WebPage","@id":"https:\/\/www.demiddelaar.nl\/?page_id=620","url":"https:\/\/www.demiddelaar.nl\/?page_id=620","name":"Individuele hondentraining door gecertificeerd trainerDe Middelaar","isPartOf":{"@id":"https:\/\/www.demiddelaar.nl\/#website"},"primaryImageOfPage":{"@id":"https:\/\/www.demiddelaar.nl\/?page_id=620#primaryimage"},"image":{"@id":"https:\/\/www.demiddelaar.nl\/?page_id=620#primaryimage"},"thumbnailUrl":"https:\/\/www.demiddelaar.nl\/wp-content\/uploads\/2020\/08\/bessieachting-1-951x1024.jpg","datePublished":"2020-08-15T18:28:00+00:00","dateModified":"2026-01-15T09:35:11+00:00","description":"Individuele hondentraining gegeven door een gecertificeerd trainer. Deze training is gebaseerd op wederzijds begrip tussen mens en hond.","breadcrumb":{"@id":"https:\/\/www.demiddelaar.nl\/?page_id=620#breadcrumb"},"inLanguage":"nl-BE","potentialAction":[{"@type":"ReadAction","target":["https:\/\/www.demiddelaar.nl\/?page_id=620"]}]},{"@type":"ImageObject","inLanguage":"nl-BE","@id":"https:\/\/www.demiddelaar.nl\/?page_id=620#primaryimage","url":"https:\/\/www.demiddelaar.nl\/wp-content\/uploads\/2020\/08\/bessieachting-1-scaled.jpg","contentUrl":"https:\/\/www.demiddelaar.nl\/wp-content\/uploads\/2020\/08\/bessieachting-1-scaled.jpg","width":2376,"height":2560},{"@type":"BreadcrumbList","@id":"https:\/\/www.demiddelaar.nl\/?page_id=620#breadcrumb","itemListElement":[{"@type":"ListItem","position":1,"name":"Home","item":"https:\/\/www.demiddelaar.nl\/"},{"@type":"ListItem","position":2,"name":"Individuele training"}]},{"@type":"WebSite","@id":"https:\/\/www.demiddelaar.nl\/#website","url":"https:\/\/www.demiddelaar.nl\/","name":"DeMiddelaar","description":"Hondentraining en gedragstherapie voor honden","publisher":{"@id":"https:\/\/www.demiddelaar.nl\/#organization"},"potentialAction":[{"@type":"SearchAction","target":{"@type":"EntryPoint","urlTemplate":"https:\/\/www.demiddelaar.nl\/?s={search_term_string}"},"query-input":{"@type":"PropertyValueSpecification","valueRequired":true,"valueName":"search_term_string"}}],"inLanguage":"nl-BE"},{"@type":"Organization","@id":"https:\/\/www.demiddelaar.nl\/#organization","name":"De Middelaar","url":"https:\/\/www.demiddelaar.nl\/","logo":{"@type":"ImageObject","inLanguage":"nl-BE","@id":"https:\/\/www.demiddelaar.nl\/#\/schema\/logo\/image\/","url":"https:\/\/www.demiddelaar.nl\/wp-content\/uploads\/2020\/08\/logoDEF.png","contentUrl":"https:\/\/www.demiddelaar.nl\/wp-content\/uploads\/2020\/08\/logoDEF.png","width":6543,"height":4795,"caption":"De Middelaar"},"image":{"@id":"https:\/\/www.demiddelaar.nl\/#\/schema\/logo\/image\/"}}]}},"_links":{"self":[{"href":"https:\/\/www.demiddelaar.nl\/index.php?rest_route=\/wp\/v2\/pages\/620","targetHints":{"allow":["GET"]}}],"collection":[{"href":"https:\/\/www.demiddelaar.nl\/index.php?rest_route=\/wp\/v2\/pages"}],"about":[{"href":"https:\/\/www.demiddelaar.nl\/index.php?rest_route=\/wp\/v2\/types\/page"}],"author":[{"embeddable":true,"href":"https:\/\/www.demiddelaar.nl\/index.php?rest_route=\/wp\/v2\/users\/3147"}],"replies":[{"embeddable":true,"href":"https:\/\/www.demiddelaar.nl\/index.php?rest_route=%2Fwp%2Fv2%2Fcomments&post=620"}],"version-history":[{"count":41,"href":"https:\/\/www.demiddelaar.nl\/index.php?rest_route=\/wp\/v2\/pages\/620\/revisions"}],"predecessor-version":[{"id":2080,"href":"https:\/\/www.demiddelaar.nl\/index.php?rest_route=\/wp\/v2\/pages\/620\/revisions\/2080"}],"wp:attachment":[{"href":"https:\/\/www.demiddelaar.nl\/index.php?rest_route=%2Fwp%2Fv2%2Fmedia&parent=620"}],"curies":[{"name":"wp","href":"https:\/\/api.w.org\/{rel}","templated":true}]}}